{"id":25,"date":"2023-03-14T20:47:50","date_gmt":"2023-03-14T11:47:50","guid":{"rendered":"https:\/\/www.rib.okayama-u.ac.jp\/barley\/wp\/?page_id=25"},"modified":"2025-12-21T14:41:46","modified_gmt":"2025-12-21T05:41:46","slug":"publication","status":"publish","type":"page","link":"https:\/\/www.rib.okayama-u.ac.jp\/barley\/publication\/","title":{"rendered":"\u7814\u7a76\u696d\u7e3e"},"content":{"rendered":"\n<h2 class=\"wp-block-heading\" id=\"Publication\">Publication (after 2016)<\/h2>\n\n\n\n<h3 class=\"wp-block-heading\" id=\"Research-papers\">Research papers<\/h3>\n\n\n\n<p><mark style=\"background-color:rgba(0, 0, 0, 0);color:#148250\" class=\"has-inline-color\">\u25cf <\/mark>2025<\/p>\n\n\n\n<p>Hisano H, Sakai H, Hamaoka M, Munemori H, Abe F, Meints B, Sato K, Hayes PM (2025) Rapid development of naked malting barley germplasm through targeted mutagenesis. Molecular Breeding 45:32 <a href=\"https:\/\/doi.org\/10.1007\/s11032-025-01553-5\">https:\/\/doi.org\/10.1007\/s11032-025-01553-5<\/a><\/p>\n\n\n\n<p>Mahadevan, N., Fernanda, R., Kouzai, Y., Kohno, N., Nagao, R., Nyein, K. T., Watanabe, M., Sakata, N., Matsui, H., Toyoda, K., Ichinose, Y., Mochida, K., Hisano, H., &amp; Noutoshi, Y. (2025). Distinct Infection Mechanisms of <em>Rhizoctonia solani<\/em> AG-1 IA and AG-4 HG-I+II in <em>Brachypodium distachyon<\/em> and Barley. <em>Life<\/em>, <em>15<\/em>(2), 235. https:\/\/doi.org\/10.3390\/life15020235<\/p>\n\n\n\n<p>Tanaka T, Haraguchi Y, Todoroki T, Saisho D, Abiko T, Kai, H  (2025) Reference-based chromosome-scale assembly of Japanese barley (Hordeum vulgare ssp. vulgare) cultivar Hayakiso 2. DNA research 32(4) doi.org\/10.1093\/dnares\/dsaf016<\/p>\n\n\n\n<p>Abiko T, Todoroki T, Thi Thanh HP, Nakamura T, Haraguchi Y, Tanaka T, Saisho D, Kai H  (2025) Barley varieties tolerant to waterlogged reduced soil show the better root growth in hypoxia Plant Production Science 26(4) 1-11 doi.org\/10.1080\/1343943x.2023.2246215<\/p>\n\n\n\n<p>Krause MR, Arbelaez JD, Asdal \u00c5, Belkodja R, Boury N, Blake VC, Brown PJ, Casas A, Cistu\u00e9 L, Farr\u00e9-Mart\u00ednez A, Fisk S, Fuerst GS, Gim\u00e9nez E, Guijarro-Real C, Guthrie K, Halstead M, Helgerson L, Hisano H, Igartua E, Lillemo M, Mart\u00ednez-Garc\u00eda M, Mart\u00ednez-Subir\u00e0 M, McCouch S, McGhee L, Nickols T, Peters N, Porter R, Romagosa I, Ruud AK, Sato K, Salvi S, Sangiorgi G, Sch\u00fcller R, Sen TZ, Soriano JM, Stupar RM, Ting T-C, Vining K, von Korff M, Walla A, Wang DR, Waugh R, Wise RP, Wolfe R, Yao E, Hayes PM  (2025) Oregon Wolfe barley genetic stocks \u2013 Research and teaching tools for next generation scientists. J. Plant Regist. 19:e70004 doi.org\/10.1002\/plr2.70004 <\/p>\n\n\n\n<p>Lubba KM, Yamamori K, Kishima Y.  (2025) Haplotype shifts in the lipid-related OsGELP gene family underpin rice adaptation to high latitudes. Scientific reports 15(1), 32293 doi.org\/10.1038\/s41598-025-15488-6 <\/p>\n\n\n\n<p>Kishiro K, Sahin N, Saisho D, Yamaji N, Yamashita J, Monden Y, Nakagawa T, Mochida K, Tani A  (2025) Duganella hordei sp. nov., Duganella caerulea sp. nov., and Duganella rhizosphaerae sp. nov., isolated from barley rhizosphere. Antonie van Leeuwenhoek 118(10) 146-146 doi.org\/10.1007\/s10482-025-02160-2<\/p>\n\n\n\n<p><mark style=\"background-color:rgba(0, 0, 0, 0);color:#148250\" class=\"has-inline-color\">\u25cf <\/mark>2024<\/p>\n\n\n\n<p>Matsushima, R., Hisano, H., Kim, JS. McNelly R, Oitome NF, Seung D, Fujita N, Sato K. (2024). Mutations in starch BRANCHING ENZYME 2a suppress the traits caused by the loss of ISOAMYLASE1 in barley. Theor Appl Genet 137, 212. https:\/\/doi.org\/10.1007\/s00122-024-04725-7<\/p>\n\n\n\n<p>Kishi-Kaboshi, M., Abe, F., Chono, M., Yamaji, N., &amp; Sato, K. (2024). Evaluation of grain dormancy under field conditions in a wheat (Triticum aestivum) qsd1 triple mutant. Crop Science, 1\u201311. https:\/\/doi.org\/10.1002\/csc2.21403<\/p>\n\n\n\n<p><mark style=\"background-color:rgba(0, 0, 0, 0);color:#148250\" class=\"has-inline-color\">\u25cf <\/mark>2023<\/p>\n\n\n\n<p>Kishi-Kaboshi, M., Abe, F., Kamiya, Y., Kawaura, K., Hisano, H. and Sato, K. Optimizing genome editing efficiency in wheat: Effects of heat treatments and different promoters for single guide RNA expression. Plant Biotechnology 40, 237-245. (2023) <a href=\"https:\/\/doi.org\/10.5511\/plantbiotechnology.23.0717a\">doi.org\/10.5511\/plantbiotechnology.23.0717a<\/a><\/p>\n\n\n\n<p>Matsushima, R., Hisano, H., Galis, I., Miura, S., Crofts, N., Takenaka, Y., Oitome, N.F., Ishimizu, T., Fujita, N. and Sato, K. FLOURY ENDOSPERM 6 mutations enhance the sugary phenotype caused by the loss of ISOAMYLASE1 in barley. Theoretical and Applied Genetics 136, 94. (2023) doi.org\/10.1007\/s00122-023-04339-5<\/p>\n\n\n\n<p>Koide H, Hisano H, Yaeno T. 2023. CRISPR\/Cas9-based generation of mlo mutants for allelic complementation experiments to elucidate MLO function in barley. Journal of General Plant Pathology. 89,&nbsp;153\u2013158 (2023) doi.org\/10.1007\/s10327-023-01120-w<\/p>\n\n\n\n<p>Kondo, H.; Sugahara, H.; Fujita, M.; Hyodo, K.; Andika, I.B.; Hisano, H.; Suzuki, N. Discovery and Genome Characterization of a Closterovirus from Wheat Plants with Yellowing Leaf Symptoms in Japan. Pathogens 2023, 12, 358. doi.org\/10.3390\/pathogens12030358<\/p>\n\n\n\n<p><mark style=\"background-color:rgba(0, 0, 0, 0);color:#148250\" class=\"has-inline-color\">\u25cf <\/mark>2022<\/p>\n\n\n\n<p>Yoshikawa T, Hisano H, Hibara K-I, Nie J, Tanaka Y, Itoh J-I, Taketa S. 2022. A bifurcated palea mutant infers functional differentiation of WOX3 genes in flower and leaf morphogenesis of barley. AoB PLANTS 14: plac019. doi.org\/10.1093\/aobpla\/plac019<\/p>\n\n\n\n<p>Gu M, Huang H, Hisano H, Ding G, Huang S, Mitani-Ueno N, Yokosho K, Sato K, Yamaji N, Ma JF. 2022. A crucial role for a node-localized transporter, HvSPDT, in\u2009loading phosphorus into barley grains. New Phytologist 234: 1249-1261. doi.org\/10.1111\/nph.18057<\/p>\n\n\n\n<p>Hisano, H., Hoffie, R.E., Abe, F., Munemori, H., Matsuura, T., Endo, M., Mikami, M., Nakamura, S., Kumlehn, J. and Sato, K. (2022) Regulation of germination by targeted mutagenesis of grain dormancy genes in barley. Plant Biotechnology Journal 20, 37-46.<\/p>\n\n\n\n<p><mark style=\"background-color:rgba(0, 0, 0, 0);color:#148250\" class=\"has-inline-color\">\u25cf <\/mark>2021<\/p>\n\n\n\n<p>Yaeno, T., Wahara, M., Nagano, M., Wanezaki, H., Toda, H., Inoue, H., Eishima, A., Nishiguchi, M., Hisano, H., Kobayashi, K., Sato, K., Yamaoka, N. 2021. RACE1, a Japanese Blumeria graminis f. sp. hordei isolate, is capable of overcoming the mlo-mediated penetration resistance in barley. PLOS ONE https:\/\/doi.org\/10.1371\/journal.pone.0256574<\/p>\n\n\n\n<p>Liu, Y., Luo, W., Linghu, Q., Abe, F., Hisano, H., Sato, K., Kamiya, Y., Kawamura, K., Onishi, K.,&nbsp; Endo, M., Toki, S., Hamada, H., Nagira, Y., Taoka, N., Imai, R. 2021. In planta genome editing in commercial wheat varieties. Frontiers Plant Sci. 10.3389\/fpls.2021.648841.<\/p>\n\n\n\n<p><mark style=\"background-color:rgba(0, 0, 0, 0);color:#148250\" class=\"has-inline-color\">\u25cf <\/mark>2020<\/p>\n\n\n\n<p>Lei, G. J. Fujii-Kashino, M., Wu, D. Z., Hisano, H., Saisho, D., Deng, F., Yamaji, N., Sato, K., Zhao, F., Ma, J. F. 2020. Breeding low cadmium barley through introgression of a Sukkula-like transposable element for human health. Nat. Food 1:489\u2013499.<\/p>\n\n\n\n<p>Nagai, K., Mori, Y., Ishikawa, S., Furuta, T., Gamuyao, R., Niimi, Y., Hobo, T., Fukuda, M., Kojima, M., Takebayashi, Y., Fukushima, A., Himuro, Y., Kobayashi, M., Ackley, W., Hisano, H., Sato, K., Yoshida, A., Wu, J., Sakakibara, H., Sato, Y., Tsuji, H., Akagi, T. and Ashikari, M. 2020. Antagonistic regulation of gibberellin response during growth of rice stem. Nature 10.1038\/s41586-020-2501-8<\/p>\n\n\n\n<p>Abe, F., Ishida, Y., Hisano, H., Endo, M., Komari, T., Toki, S., Sato, K. 2020. Using Genome Editing to Produce Multiple Mutants in Wheat. StarProtocols 1, 100053. https:\/\/doi.org\/10.1016\/j.xpro.2020.100053<\/p>\n\n\n\n<p><br><br><mark style=\"background-color:rgba(0, 0, 0, 0);color:#148250\" class=\"has-inline-color\">\u25cf <\/mark>2019<br><\/p>\n\n\n\n<p>Abe, F., Haque, E., Hisano, H., Tanaka, T., Kamiya, Y., Mikami, M., Kawaura, K., Endo, M., Onishi, K., Hayashi, T. and Sato, K. 2019. Genome-Edited Triple-Recessive Mutation Alters Seed Dormancy in Wheat. Cell Rep. 28: 1362-1369.<\/p>\n\n\n\n<p>Wu, Z., Wang, N., Hisano, H., Cao, Y., Wu, F., Liu, W., Bao, Y., Wang Z.-Y., and Fu, C. 2019. Simultaneous regulation of F5H in COMT-RNAi transgenic switchgrass alters effects of COMT suppression on syringyl lignin biosynthesis. Plant Biotechnol. J. 17: 836-845.<\/p>\n\n\n\n<p>Matsushima R, Hisano H. 2019. Imaging Amyloplasts in the Developing Endosperm of Barley and Rice. Scientific Reports 9: 3745.<\/p>\n\n\n\n<p><\/p>\n\n\n\n<p><mark style=\"background-color:rgba(0, 0, 0, 0);color:#148250\" class=\"has-inline-color\">\u25cf <\/mark>2018<\/p>\n\n\n\n<p>Kodama, A., Narita, R., Yamaguchi, M., Hisano, H., Adachi, S., Takagi, H., Ookawa, T., Sato, K. and Hirasawa, T. 2018. Genotypic Difference in Grain Fertility under Salt Stress and the Responsible Quantitative Trait Loci in Barley. Breed. Sci. 68: 561-570.<\/p>\n\n\n\n<p>Fujii-Kashino, M., Yamaji, N., Yamane, M., Saisho, D., Sato, K. and Ma, J. F. 2018. Both retrotransposon insertion and demethylation regulate aluminum tolerance of European barley for postdomestication expansion to acid soil. Plant Physiol. 178:716-727.<\/p>\n\n\n\n<p>Mashiguchi, K., Hisano, H., Takeda-Kamiya, N., Takebayashi, Y., Ariizumi, T., Gao, Y., Ezura, H., Sato, K., Zhao, Y., Hayashi, K. and Kasahara, H. 2018. Agrobacterium tumefaciens enhances biosynthesis of two distinct auxins in the formation of crown galls. Plant Cell Physiol. 60:29-37.<\/p>\n\n\n\n<p>Kazuhiro Sato, Hiroshi Hisano, Satoko Matsumoto, Tian-Su Zhou and Makoto Kihara. 2018. Detection of QTLs controlling alpha-amylase activity in a diversity panel of 343 barley accessions. Mol. Breed. 38:14.<\/p>\n\n\n\n<p><\/p>\n\n\n\n<p><mark style=\"background-color:rgba(0, 0, 0, 0);color:#148250\" class=\"has-inline-color\">\u25cf <\/mark>2017<\/p>\n\n\n\n<p>Gupta, A., Hisano, H., Hojo, Y., Matsuura, T., Ikeda, Y., Mori, I.C., Senthil-Kumar, M. Global profiling of phytohormone dynamics during combined drought and pathogen stress in&nbsp;<em>Arabidopsis thaliana<\/em>&nbsp;reveals ABA and JA as major regulators. Scientific Reports 7: 4017.<\/p>\n\n\n\n<p>Hiroshi Hisano, Brigid Meints, Matthew J. Moscou, Luis Cistue, Bego\u00f1a Ech\u00e1varri, Kazuhiro Sato and Patrick M. Hayes. 2017. Selection of transformation efficient lines in the Oregon Promise barley mapping population based on&nbsp;<em>TFA<\/em>&nbsp;(transformation amenability) haplotype. Plant Cell Reports&nbsp;36: 611-620.<\/p>\n\n\n\n<p>Hiroshi Hisano, Kazuki Sakamoto, Hiroki Takagi, Ryohei Terauchi, and Kazuhiro Sato. 2017. Exome QTL-seq maps monogenic locus and QTLs in barley. BMC Genomics 18:125.<\/p>\n\n\n\n<p><\/p>\n\n\n\n<p><mark style=\"background-color:rgba(0, 0, 0, 0);color:#148250\" class=\"has-inline-color\">\u25cf <\/mark>2016<\/p>\n\n\n\n<p>Hisano Hisano and Kazuhiro Sato. 2016. Genomic regions responsible for amenability to&nbsp;<em>Agrobacterium<\/em>-mediated transformation in barley. Scientific Reports 6: 37505.<\/p>\n\n\n\n<p>Analiza Grubanzo Tagle, Izumi Chuma, Hiroshi Hisano, Kazuhiro Sato and Yukio Tosa. 2016. Genetic analysis of the resistance of barley to cryptic species of<em>&nbsp;Pyricularia.&nbsp;<\/em>Journal of General Plant Pathology 82:302\u2013306.<\/p>\n\n\n\n<p>Hiroshi Hisano, Mai Tsujimura, Hideya Yoshida, Toru Terachi and Kazuhiro Sato. 2016. Mitochondrial genome sequences from wild and cultivated barley (<em>Hordeum vulgare<\/em>). BMC Genomics 17:824.<\/p>\n\n\n\n<p>Hiroshi Hisano, Takakazu Matsuura, Izumi C. Mori, Miki Yamane and Kazuhiro Sato. 2016. Endogenous hormone levels affect the regeneration ability of callus derived from different organs in barley. Plant Physiol. Biochem. 99: 66\u201372.<\/p>\n\n\n\n<p>Takahagi, K. , Uehara-Yamaguchi, Y., Yoshida, T., Sakurai, T., Shinozaki K., Mochdia, K. &amp; Saisho, D. 2016. Analysis of single nucleotide polymorphisms based on RNA sequencing data of diverse bio-geographical accessions in barley. Scientific Reports 6 : 33199.<\/p>\n\n\n\n<p>Saisho, D., Takumi, S. &amp; Matsuoka, Y. 2016. Salt tolerance during germination and seedling growth of wild wheat Aegilops tauschii and its impact on the species range expansion. Scientific Reports 6: 38554.<mark style=\"background-color:rgba(0, 0, 0, 0);color:#148250\" class=\"has-inline-color\"><\/mark><\/p>\n\n\n\n<h3 class=\"wp-block-heading\" id=\"Book-chapter\">Book chapter (including Japanese)<\/h3>\n\n\n\n<p>Hisano H, Hoffie RE, Kumlehn J, Sato K. (2024) Targeted Modification of Grain Dormancy Genes in Barley. In Seed Dormancy: Methods and Protocols, Ed. by N. Kawakami and K. Sato. Springer Nature. pp. 149\u2013161 doi.org\/10.1007\/978-1-0716-3965-8_14<\/p>\n\n\n\n<p>Abe F, Kamiya Y, Ishida Y, Hisano H, Kawaura K, Komari T., Sato K. (2024) Genome Editing to Produce Knockout Mutations of Seed Dormancy Genes in Wheat. In Seed Dormancy: Methods and Protocols, Ed. by N. Kawakami and K. Sato. Springer Nature. pp. 137-148 doi.org\/10.1007\/978-1-0716-3965-8_13<\/p>\n\n\n\n<p>\u4f50\u85e4\u548c\u5e83\u30fb\u8349\u5834\u4fe1\u30fb\u77f3\u4e95\u5b5d\u4f73\u30fb\u4e2d\u5712\u5e79\u751f\u30fb\u4e45\u91ce\u88d5\u30fb\u9580\u7530\u6709\u5e0c\u3000\u690d\u7269\u306e\u907a\u4f1d\u3068\u80b2\u7a2e\uff08\u7b2c3\u7248\uff09\uff08\u4f50\u85e4\u548c\u5e83\u30fb\u8349\u5834\u4fe1\u30fb\u4e2d\u5712\u5e79\u751f\u3000\u7de8\uff09. \u671d\u5009\u66f8\u5e97. ISBN-13: \u200f\u200e 9784254420470 (2023.4)<\/p>\n\n\n\n<p>Hoffie, R.E., Otto, I., Hisano, H. and Kumlehn, J. (2021) Site-Directed Mutagenesis in Barley Using RNA-Guided Cas Endonucleases During Microspore-Derived Generation of Doubled Haploids. In: Doubled Haploid Technology: Volume 1: General Topics, Alliaceae, Cereals (Segui-Simarro, J.M. ed) pp. 199-214. New York, NY: Springer US.<\/p>\n\n\n\n<p><\/p>\n\n\n\n<h3 class=\"wp-block-heading\" id=\"Review\">Review (including Japanese)<\/h3>\n\n\n\n<p>Hisano, H., Abe, F., Hoffie, R.E. and Kumlehn, J. (2021) Targeted genome modifications in cereal crops. Breeding Science 71, 405-416.<\/p>\n\n\n\n<p><\/p>\n","protected":false},"excerpt":{"rendered":"<p>Publication (after 2016) Research papers \u25cf 2025 Hisano H, Sakai H, Hamaoka M, Munemori H, Abe F, Meints B, Sat [&hellip;]<\/p>\n","protected":false},"author":1,"featured_media":26,"parent":0,"menu_order":14,"comment_status":"closed","ping_status":"closed","template":"","meta":{"_editorskit_title_hidden":false,"_editorskit_reading_time":15,"_editorskit_is_block_options_detached":false,"_editorskit_block_options_position":"{}","footnotes":""},"class_list":["post-25","page","type-page","status-publish","has-post-thumbnail","hentry"],"_links":{"self":[{"href":"https:\/\/www.rib.okayama-u.ac.jp\/barley\/wp-json\/wp\/v2\/pages\/25","targetHints":{"allow":["GET"]}}],"collection":[{"href":"https:\/\/www.rib.okayama-u.ac.jp\/barley\/wp-json\/wp\/v2\/pages"}],"about":[{"href":"https:\/\/www.rib.okayama-u.ac.jp\/barley\/wp-json\/wp\/v2\/types\/page"}],"author":[{"embeddable":true,"href":"https:\/\/www.rib.okayama-u.ac.jp\/barley\/wp-json\/wp\/v2\/users\/1"}],"replies":[{"embeddable":true,"href":"https:\/\/www.rib.okayama-u.ac.jp\/barley\/wp-json\/wp\/v2\/comments?post=25"}],"version-history":[{"count":24,"href":"https:\/\/www.rib.okayama-u.ac.jp\/barley\/wp-json\/wp\/v2\/pages\/25\/revisions"}],"predecessor-version":[{"id":410,"href":"https:\/\/www.rib.okayama-u.ac.jp\/barley\/wp-json\/wp\/v2\/pages\/25\/revisions\/410"}],"wp:featuredmedia":[{"embeddable":true,"href":"https:\/\/www.rib.okayama-u.ac.jp\/barley\/wp-json\/wp\/v2\/media\/26"}],"wp:attachment":[{"href":"https:\/\/www.rib.okayama-u.ac.jp\/barley\/wp-json\/wp\/v2\/media?parent=25"}],"curies":[{"name":"wp","href":"https:\/\/api.w.org\/{rel}","templated":true}]}}