{"id":197,"date":"2021-03-24T11:32:04","date_gmt":"2021-03-24T02:32:04","guid":{"rendered":"https:\/\/www.rib.okayama-u.ac.jp\/english\/?page_id=197"},"modified":"2025-02-12T10:15:40","modified_gmt":"2025-02-12T01:15:40","slug":"pem-hp","status":"publish","type":"page","link":"https:\/\/www.rib.okayama-u.ac.jp\/english\/research\/pem-hp\/","title":{"rendered":"Group of Plant Environmental Microbiology"},"content":{"rendered":"<h4><span style=\"color: #555555;\"><strong>Faculty staff<\/strong><\/span><\/h4>\n<table width=\"100%\">\n<tbody>\n<tr style=\"background-color: #fafad2;\">\n<td style=\"padding: 3px;\"><\/td>\n<td class=\"image-area\"><img loading=\"lazy\" decoding=\"async\" src=\"http:\/\/www.rib.okayama-u.ac.jp\/HP2012\/wp-content\/uploads\/2014\/02\/TANI_Akio.jpg\" alt=\"\" width=\"80\" height=\"105\" \/><\/td>\n<td style=\"padding: 1px;\"><\/td>\n<td style=\"vertical-align: top;\">Assoc. Prof. Dr.<strong> Akio TANI<\/strong><br \/>\nE-mail\uff1aataniATokayama-u.ac.jp<br \/>\n<a href=\"https:\/\/www.rib.okayama-u.ac.jp\/PEM\/home\/\">Link to plant \/ symbiotic microorganism team HP<\/a><\/td>\n<td style=\"padding: 20px; vertical-align: top; text-align: right;\"><sub><sup><span style=\"color: #999999;\">(please change AT to @ before sending)<\/span><\/sup><\/sub><\/td>\n<\/tr>\n<tr style=\"background-color: #fafad2;\">\n<td style=\"padding: 3px;\"><\/td>\n<td class=\"image-area\"><img loading=\"lazy\" decoding=\"async\" src=\"http:\/\/www.rib.okayama-u.ac.jp\/HP2012\/wp-content\/uploads\/2014\/02\/UEKI_Shoko.jpg\" alt=\"\" width=\"80\" height=\"100\" \/><\/td>\n<td style=\"padding: 1px;\"><\/td>\n<td style=\"vertical-align: top;\">Assoc. Prof. Dr. <strong>Shoko UEKI<\/strong><br \/>\nE-mail\uff1ashokouekiATokayama-u.ac.jp<br \/>\n<a href=\"http:\/\/www.rib.okayama-u.ac.jp\/inv\/index.html\">Link to phytoplankton team HP<\/a><\/td>\n<td style=\"padding: 20px; vertical-align: top; text-align: right;\"><sub><sup><span style=\"color: #999999;\">(please change AT to @ before sending)<\/span><\/sup><\/sub><\/td>\n<\/tr>\n<\/tbody>\n<\/table>\n<p>Lecture: Plant-Microbe\/Insect Interactions, Advanced Molecular Virology, Applied Plant Virology, Applied Plant-Environmental Microbiology<br \/>\nKeywords: Virus; Biological control; Fungal pathogens; Methylobacterium; Virus evolution and systematics<\/p>\n<hr \/>\n<h4><span style=\"color: #555555;\"><strong>Summary of main research topics<\/strong><\/span><\/h4>\n<table class=\"left-image-text\">\n<tbody>\n<tr style=\"background-color: #c5e3bf;\">\n<td style=\"vertical-align: top;\"><\/td>\n<td style=\"padding: 9px; text-align: justify;\">Plant Environmental Microbiology Group engage in two research topics.<br \/>\nOne team is interested in interaction between land plant and methylotrophs\u3000bacteria. Various microorganisms associating to plants are playing important\u3000roles for plant growth. Methylobacterium species that can utilize methanol emitted from plants are mutualistic symbiont that not only utilize methanol but also produce plant hormones. We are conducting functional analysis on their methylotrophy and plant-growth promoting ability. Especially we focus on their lanthanide-dependent methylotrophy.<br \/>\nThe other team studies about interaction between aquatic microbes and bloom-forming phytoplankton. Study to date demonstrated that marine viruses are known to terminate bloom by infecting phytoplankton, and marine bacteria may be involved in bloom formation by facilitating growth of\u3000phytoplankton. The team is trying to characterize such interstices interaction from cellular and molecular level.<\/td>\n<td style=\"padding: 9px;\"><\/td>\n<\/tr>\n<\/tbody>\n<\/table>\n<table width=\"100%\">\n<tbody>\n<tr style=\"background-color: #c5e3bf;\">\n<td class=\"image-area\"><img loading=\"lazy\" decoding=\"async\" class=\" wp-image-7310 aligncenter\" src=\"http:\/\/www.rib.okayama-u.ac.jp\/HP2012\/wp-content\/uploads\/2015\/07\/PMItheme3_R.jpg\" alt=\"pii\" width=\"250\" height=\"190\" \/><\/td>\n<td class=\"image-area\"><img loading=\"lazy\" decoding=\"async\" class=\" wp-image-7310 aligncenter\" src=\"http:\/\/www.rib.okayama-u.ac.jp\/HP2012\/wp-content\/uploads\/2018\/04\/photo.jpg\" alt=\"pii\" width=\"250\" height=\"190\" \/><\/td>\n<\/tr>\n<\/tbody>\n<\/table>\n<hr \/>\n<h4><span style=\"color: #555555;\"><strong>Latest publications<\/strong><span style=\"font-size: small;\"><br \/>\n<\/span><\/span><\/h4>\n<p>\uff081\uff09 Sonphakdi T, Tani A, Sayaka A, Ungcharoenwiwat P. Antibacterial and toxicity studies of phytochemical from Piper belt leaf extract. J. King Saud Univ. \u2013 Sci. 36: 103430. doi.org\/10.1016\/j.jksus.2024.103430 (2024. 11.)<br \/>\n\uff082\uff09 Grossi C.E.M, Tani A, Mori I.C, Matsuura T, Ulloa R.M. Plant growth-promoting abilities of Methylobacterium sp. 2A involve auxin-mediated regulation of the root architecture. Plant Cell Environ. 47: 5343-5357. doi.org\/10.1111\/pce.15116 (2024. 12.)<br \/>\n\uff083\uff09 Hu J, Camer\u00f3n H, Rilling J.I, Campos M, Ruiz-Gil T, Gonzalez M.A, Gajardo G, Vergara K, Guzm\u00e1n L, Espinoza-Gonz\u00e1lez O, Fuenzalida G, Riquelme C, Ueki S, Nagai S, Maruyama F, Fujiyoshi S, Yarimizu K, Perera I.U, \u00c1vila A, Acu\u00f1a J.J, Zhang Q, Jorquera M. Differentiation of microbial community in coastal seawater before and during an Akashiwo<br \/>\nsanguinea (Dinophyceae) bloom in the urban area of Antofagasta city (northern Chile) Harmful Algae (2024. 12. Online Preview)<\/p>\n<hr \/>\n","protected":false},"excerpt":{"rendered":"<p>Faculty staff Assoc. Prof. Dr. Akio TANI E-mail\uff1aataniATokayama-u.ac.jp Link to plant \/ symbiotic microorganism team HP (please change AT to @ before sending) Assoc. Prof. Dr. Shoko UEKI E-mail\uff1ashokouekiATokayama-u.ac.jp Link to phytoplankton team HP (please change AT to @ before sending) Lecture: Plant-Microbe\/Insect Interactions, Advanced Molecular Virology, Applied Plant Virology, Applied Plant-Environmental Microbiology Keywords: Virus; Biological control; Fungal pathogens; Methylobacterium; Virus evolution and systematics Summary of main research topics Plant Environmental Microbiology Group engage in two research topics. One team is interested in interaction between land plant and methylotrophs\u3000bacteria. Various microorganisms associating to plants are playing important\u3000roles for plant growth. Methylobacterium species that can utilize methanol emitted from plants are [&hellip;]<\/p>\n","protected":false},"author":1,"featured_media":0,"parent":126,"menu_order":123,"comment_status":"closed","ping_status":"closed","template":"","meta":{"_acf_changed":false,"footnotes":""},"class_list":["post-197","page","type-page","status-publish","hentry"],"acf":[],"yoast_head":"<!-- This site is optimized with the Yoast SEO plugin v27.5 - https:\/\/yoast.com\/product\/yoast-seo-wordpress\/ -->\n<title>Group of Plant Environmental Microbiology - Institute of Plant Science and Resources<\/title>\n<meta name=\"robots\" content=\"index, follow, max-snippet:-1, max-image-preview:large, max-video-preview:-1\" \/>\n<link rel=\"canonical\" href=\"https:\/\/www.rib.okayama-u.ac.jp\/english\/research\/pem-hp\/\" \/>\n<meta property=\"og:locale\" content=\"en_US\" \/>\n<meta property=\"og:type\" content=\"article\" \/>\n<meta property=\"og:title\" content=\"Group of Plant Environmental Microbiology - Institute of Plant Science and Resources\" \/>\n<meta property=\"og:description\" content=\"Faculty staff Assoc. Prof. Dr. Akio TANI E-mail\uff1aataniATokayama-u.ac.jp Link to plant \/ symbiotic microorganism team HP (please change AT to @ before sending) Assoc. Prof. Dr. Shoko UEKI E-mail\uff1ashokouekiATokayama-u.ac.jp Link to phytoplankton team HP (please change AT to @ before sending) Lecture: Plant-Microbe\/Insect Interactions, Advanced Molecular Virology, Applied Plant Virology, Applied Plant-Environmental Microbiology Keywords: Virus; Biological control; Fungal pathogens; Methylobacterium; Virus evolution and systematics Summary of main research topics Plant Environmental Microbiology Group engage in two research topics. One team is interested in interaction between land plant and methylotrophs\u3000bacteria. Various microorganisms associating to plants are playing important\u3000roles for plant growth. Methylobacterium species that can utilize methanol emitted from plants are [&hellip;]\" \/>\n<meta property=\"og:url\" content=\"https:\/\/www.rib.okayama-u.ac.jp\/english\/research\/pem-hp\/\" \/>\n<meta property=\"og:site_name\" content=\"Institute of Plant Science and Resources\" \/>\n<meta property=\"article:modified_time\" content=\"2025-02-12T01:15:40+00:00\" \/>\n<meta property=\"og:image\" content=\"http:\/\/www.rib.okayama-u.ac.jp\/HP2012\/wp-content\/uploads\/2014\/02\/TANI_Akio.jpg\" \/>\n<meta name=\"twitter:card\" content=\"summary_large_image\" \/>\n<meta name=\"twitter:label1\" content=\"Est. reading time\" \/>\n\t<meta name=\"twitter:data1\" content=\"2 minutes\" \/>\n<script type=\"application\/ld+json\" class=\"yoast-schema-graph\">{\"@context\":\"https:\\\/\\\/schema.org\",\"@graph\":[{\"@type\":\"WebPage\",\"@id\":\"https:\\\/\\\/www.rib.okayama-u.ac.jp\\\/english\\\/research\\\/pem-hp\\\/\",\"url\":\"https:\\\/\\\/www.rib.okayama-u.ac.jp\\\/english\\\/research\\\/pem-hp\\\/\",\"name\":\"Group of Plant Environmental Microbiology - Institute of Plant Science and Resources\",\"isPartOf\":{\"@id\":\"https:\\\/\\\/www.rib.okayama-u.ac.jp\\\/english\\\/#website\"},\"primaryImageOfPage\":{\"@id\":\"https:\\\/\\\/www.rib.okayama-u.ac.jp\\\/english\\\/research\\\/pem-hp\\\/#primaryimage\"},\"image\":{\"@id\":\"https:\\\/\\\/www.rib.okayama-u.ac.jp\\\/english\\\/research\\\/pem-hp\\\/#primaryimage\"},\"thumbnailUrl\":\"http:\\\/\\\/www.rib.okayama-u.ac.jp\\\/HP2012\\\/wp-content\\\/uploads\\\/2014\\\/02\\\/TANI_Akio.jpg\",\"datePublished\":\"2021-03-24T02:32:04+00:00\",\"dateModified\":\"2025-02-12T01:15:40+00:00\",\"breadcrumb\":{\"@id\":\"https:\\\/\\\/www.rib.okayama-u.ac.jp\\\/english\\\/research\\\/pem-hp\\\/#breadcrumb\"},\"inLanguage\":\"en-US\",\"potentialAction\":[{\"@type\":\"ReadAction\",\"target\":[\"https:\\\/\\\/www.rib.okayama-u.ac.jp\\\/english\\\/research\\\/pem-hp\\\/\"]}]},{\"@type\":\"ImageObject\",\"inLanguage\":\"en-US\",\"@id\":\"https:\\\/\\\/www.rib.okayama-u.ac.jp\\\/english\\\/research\\\/pem-hp\\\/#primaryimage\",\"url\":\"http:\\\/\\\/www.rib.okayama-u.ac.jp\\\/HP2012\\\/wp-content\\\/uploads\\\/2014\\\/02\\\/TANI_Akio.jpg\",\"contentUrl\":\"http:\\\/\\\/www.rib.okayama-u.ac.jp\\\/HP2012\\\/wp-content\\\/uploads\\\/2014\\\/02\\\/TANI_Akio.jpg\"},{\"@type\":\"BreadcrumbList\",\"@id\":\"https:\\\/\\\/www.rib.okayama-u.ac.jp\\\/english\\\/research\\\/pem-hp\\\/#breadcrumb\",\"itemListElement\":[{\"@type\":\"ListItem\",\"position\":1,\"name\":\"\u30db\u30fc\u30e0\",\"item\":\"https:\\\/\\\/www.rib.okayama-u.ac.jp\\\/english\\\/\"},{\"@type\":\"ListItem\",\"position\":2,\"name\":\"Research\",\"item\":\"https:\\\/\\\/www.rib.okayama-u.ac.jp\\\/english\\\/research\\\/\"},{\"@type\":\"ListItem\",\"position\":3,\"name\":\"Group of Plant Environmental Microbiology\"}]},{\"@type\":\"WebSite\",\"@id\":\"https:\\\/\\\/www.rib.okayama-u.ac.jp\\\/english\\\/#website\",\"url\":\"https:\\\/\\\/www.rib.okayama-u.ac.jp\\\/english\\\/\",\"name\":\"Institute of Plant Science and Resources\",\"description\":\"\",\"potentialAction\":[{\"@type\":\"SearchAction\",\"target\":{\"@type\":\"EntryPoint\",\"urlTemplate\":\"https:\\\/\\\/www.rib.okayama-u.ac.jp\\\/english\\\/?s={search_term_string}\"},\"query-input\":{\"@type\":\"PropertyValueSpecification\",\"valueRequired\":true,\"valueName\":\"search_term_string\"}}],\"inLanguage\":\"en-US\"}]}<\/script>\n<!-- \/ Yoast SEO plugin. -->","yoast_head_json":{"title":"Group of Plant Environmental Microbiology - Institute of Plant Science and Resources","robots":{"index":"index","follow":"follow","max-snippet":"max-snippet:-1","max-image-preview":"max-image-preview:large","max-video-preview":"max-video-preview:-1"},"canonical":"https:\/\/www.rib.okayama-u.ac.jp\/english\/research\/pem-hp\/","og_locale":"en_US","og_type":"article","og_title":"Group of Plant Environmental Microbiology - Institute of Plant Science and Resources","og_description":"Faculty staff Assoc. Prof. Dr. Akio TANI E-mail\uff1aataniATokayama-u.ac.jp Link to plant \/ symbiotic microorganism team HP (please change AT to @ before sending) Assoc. Prof. Dr. Shoko UEKI E-mail\uff1ashokouekiATokayama-u.ac.jp Link to phytoplankton team HP (please change AT to @ before sending) Lecture: Plant-Microbe\/Insect Interactions, Advanced Molecular Virology, Applied Plant Virology, Applied Plant-Environmental Microbiology Keywords: Virus; Biological control; Fungal pathogens; Methylobacterium; Virus evolution and systematics Summary of main research topics Plant Environmental Microbiology Group engage in two research topics. One team is interested in interaction between land plant and methylotrophs\u3000bacteria. Various microorganisms associating to plants are playing important\u3000roles for plant growth. Methylobacterium species that can utilize methanol emitted from plants are [&hellip;]","og_url":"https:\/\/www.rib.okayama-u.ac.jp\/english\/research\/pem-hp\/","og_site_name":"Institute of Plant Science and Resources","article_modified_time":"2025-02-12T01:15:40+00:00","og_image":[{"url":"http:\/\/www.rib.okayama-u.ac.jp\/HP2012\/wp-content\/uploads\/2014\/02\/TANI_Akio.jpg","type":"","width":"","height":""}],"twitter_card":"summary_large_image","twitter_misc":{"Est. reading time":"2 minutes"},"schema":{"@context":"https:\/\/schema.org","@graph":[{"@type":"WebPage","@id":"https:\/\/www.rib.okayama-u.ac.jp\/english\/research\/pem-hp\/","url":"https:\/\/www.rib.okayama-u.ac.jp\/english\/research\/pem-hp\/","name":"Group of Plant Environmental Microbiology - Institute of Plant Science and Resources","isPartOf":{"@id":"https:\/\/www.rib.okayama-u.ac.jp\/english\/#website"},"primaryImageOfPage":{"@id":"https:\/\/www.rib.okayama-u.ac.jp\/english\/research\/pem-hp\/#primaryimage"},"image":{"@id":"https:\/\/www.rib.okayama-u.ac.jp\/english\/research\/pem-hp\/#primaryimage"},"thumbnailUrl":"http:\/\/www.rib.okayama-u.ac.jp\/HP2012\/wp-content\/uploads\/2014\/02\/TANI_Akio.jpg","datePublished":"2021-03-24T02:32:04+00:00","dateModified":"2025-02-12T01:15:40+00:00","breadcrumb":{"@id":"https:\/\/www.rib.okayama-u.ac.jp\/english\/research\/pem-hp\/#breadcrumb"},"inLanguage":"en-US","potentialAction":[{"@type":"ReadAction","target":["https:\/\/www.rib.okayama-u.ac.jp\/english\/research\/pem-hp\/"]}]},{"@type":"ImageObject","inLanguage":"en-US","@id":"https:\/\/www.rib.okayama-u.ac.jp\/english\/research\/pem-hp\/#primaryimage","url":"http:\/\/www.rib.okayama-u.ac.jp\/HP2012\/wp-content\/uploads\/2014\/02\/TANI_Akio.jpg","contentUrl":"http:\/\/www.rib.okayama-u.ac.jp\/HP2012\/wp-content\/uploads\/2014\/02\/TANI_Akio.jpg"},{"@type":"BreadcrumbList","@id":"https:\/\/www.rib.okayama-u.ac.jp\/english\/research\/pem-hp\/#breadcrumb","itemListElement":[{"@type":"ListItem","position":1,"name":"\u30db\u30fc\u30e0","item":"https:\/\/www.rib.okayama-u.ac.jp\/english\/"},{"@type":"ListItem","position":2,"name":"Research","item":"https:\/\/www.rib.okayama-u.ac.jp\/english\/research\/"},{"@type":"ListItem","position":3,"name":"Group of Plant Environmental Microbiology"}]},{"@type":"WebSite","@id":"https:\/\/www.rib.okayama-u.ac.jp\/english\/#website","url":"https:\/\/www.rib.okayama-u.ac.jp\/english\/","name":"Institute of Plant Science and Resources","description":"","potentialAction":[{"@type":"SearchAction","target":{"@type":"EntryPoint","urlTemplate":"https:\/\/www.rib.okayama-u.ac.jp\/english\/?s={search_term_string}"},"query-input":{"@type":"PropertyValueSpecification","valueRequired":true,"valueName":"search_term_string"}}],"inLanguage":"en-US"}]}},"_links":{"self":[{"href":"https:\/\/www.rib.okayama-u.ac.jp\/english\/wp-json\/wp\/v2\/pages\/197","targetHints":{"allow":["GET"]}}],"collection":[{"href":"https:\/\/www.rib.okayama-u.ac.jp\/english\/wp-json\/wp\/v2\/pages"}],"about":[{"href":"https:\/\/www.rib.okayama-u.ac.jp\/english\/wp-json\/wp\/v2\/types\/page"}],"author":[{"embeddable":true,"href":"https:\/\/www.rib.okayama-u.ac.jp\/english\/wp-json\/wp\/v2\/users\/1"}],"replies":[{"embeddable":true,"href":"https:\/\/www.rib.okayama-u.ac.jp\/english\/wp-json\/wp\/v2\/comments?post=197"}],"version-history":[{"count":8,"href":"https:\/\/www.rib.okayama-u.ac.jp\/english\/wp-json\/wp\/v2\/pages\/197\/revisions"}],"predecessor-version":[{"id":10051,"href":"https:\/\/www.rib.okayama-u.ac.jp\/english\/wp-json\/wp\/v2\/pages\/197\/revisions\/10051"}],"up":[{"embeddable":true,"href":"https:\/\/www.rib.okayama-u.ac.jp\/english\/wp-json\/wp\/v2\/pages\/126"}],"wp:attachment":[{"href":"https:\/\/www.rib.okayama-u.ac.jp\/english\/wp-json\/wp\/v2\/media?parent=197"}],"curies":[{"name":"wp","href":"https:\/\/api.w.org\/{rel}","templated":true}]}}